{"id":24,"date":"2022-08-11T20:32:20","date_gmt":"2022-08-11T18:32:20","guid":{"rendered":"https:\/\/barbara-rheinbay.de\/en\/?page_id=24"},"modified":"2022-08-11T20:46:44","modified_gmt":"2022-08-11T18:46:44","slug":"imprint","status":"publish","type":"page","link":"https:\/\/barbara-rheinbay.de\/en\/imprint\/","title":{"rendered":"Imprint"},"content":{"rendered":"\n<div class=\"wp-block-group is-layout-flow wp-block-group-is-layout-flow\">\n<h1 class=\"wp-block-heading\">Impressum<\/h1>\n\n\n\n<h2 class=\"wp-block-heading\">Angaben gem\u00e4\u00df \u00a7 5 TMG<\/h2>\n\n\n\n<p>Dr. Barbara Rheinbay<br>Pers\u00f6nlichkeit. Entwicklung. Marke.<br>Rosengassenweg 14a<br>83026 Rosenheim<\/p>\n\n\n\n<p>Kontakt: <br>Telefon: <a href=\"tel:491796934044\">+49 (0) 179 6934044<\/a> <br>E-Mail: <a href=\"mailto:br@barbara-rheinbay.de\">br@barbara-rheinbay.de<\/a><\/p>\n\n\n\n<h2 class=\"wp-block-heading\">Sonstige Angaben<\/h2>\n\n\n\n<p>Umsatzsteuer-ID gem\u00e4\u00df \u00a727 a Umsatzsteuergesetz: DE 234412081<\/p>\n\n\n\n<p>Verantwortlich f\u00fcr den Inhalt nach \u00a7 18 Abs. 2 MStV<br>Dr. Barbara Rheinbay<br>Rosengassenweg 14a<br>83026 Rosenheim<\/p>\n\n\n\n<p>Quellenangaben f\u00fcr die verwendeten Bilder: <br>\nHelmut Gerstlauer, <a href=\"http:\/\/unsplash.com\" target=\"_blank\" rel=\"noopener\">www.unsplash.com<\/a><\/p>\n\n\n\n<p>Bitte keine Abmahnung ohne vorherigen Kontakt<\/p>\n\n\n\n<p>Sollte der Inhalt oder die Aufmachung dieser Seiten fremde Rechte Dritter oder gesetzliche Bestimmungen verletzen, so bitten wir um eine entsprechende Nachricht ohne Kostennote.<\/p>\n\n\n\n<p>Wir garantieren, dass die zu Recht beanstandeten Passagen unverz\u00fcglich entfernt werden, ohne dass von Ihrer Seite die Einschaltung eines Rechtsbeistandes erforderlich ist. Von Ihnen ohne vorherige Kontaktaufnahme ausgel\u00f6ste Kosten werden wir vollumf\u00e4nglich zur\u00fcckweisen und gegebenenfalls Gegenklage wegen Verletzung vorgenannter Bestimmungen einreichen.<\/p>\n\n\n\n<p>Dieses Impressum gilt auch f\u00fcr unsere Facebookseite.<\/p>\n\n\n\n<h2 class=\"wp-block-heading\">Disclaimer<\/h2>\n\n\n\n<h3 class=\"wp-block-heading\">Haftung f\u00fcr Inhalte<\/h3>\n\n\n\n<p>Als Diensteanbieter sind wir gem\u00e4\u00df \u00a7 7 Abs.1 TMG f\u00fcr eigene Inhalte auf diesen Seiten nach den allgemeinen Gesetzen verantwortlich. Nach \u00a7\u00a7 8 bis 10 TMG sind wir als Diensteanbieter jedoch nicht verpflichtet, \u00fcbermittelte oder gespeicherte fremde Informationen zu \u00fcberwachen oder nach Umst\u00e4nden zu forschen, die auf eine rechtswidrige T\u00e4tigkeit hinweisen. Verpflichtungen zur Entfernung oder Sperrung der Nutzung von Informationen nach den allgemeinen Gesetzen bleiben hiervon unber\u00fchrt. Eine diesbez\u00fcgliche Haftung ist jedoch erst ab dem Zeitpunkt der Kenntnis einer konkreten Rechtsverletzung m\u00f6glich. Bei Bekanntwerden von entsprechenden Rechtsverletzungen werden wir diese Inhalte umgehend entfernen.<\/p>\n\n\n\n<h3 class=\"wp-block-heading\">Haftung f\u00fcr Links<\/h3>\n\n\n\n<p>Unser Angebot enth\u00e4lt Links zu externen Webseiten Dritter, auf deren Inhalte wir keinen Einfluss haben. Deshalb k\u00f6nnen wir f\u00fcr diese fremden Inhalte auch keine Gew\u00e4hr \u00fcbernehmen. F\u00fcr die Inhalte der verlinkten Seiten ist stets der jeweilige Anbieter oder Betreiber der Seiten verantwortlich. Die verlinkten Seiten wurden zum Zeitpunkt der Verlinkung auf m\u00f6gliche Rechtsverst\u00f6\u00dfe \u00fcberpr\u00fcft. Rechtswidrige Inhalte waren zum Zeitpunkt der Verlinkung nicht erkennbar. Eine permanente inhaltliche Kontrolle der verlinkten Seiten ist jedoch ohne konkrete Anhaltspunkte einer Rechtsverletzung nicht zumutbar. Bei Bekanntwerden von Rechtsverletzungen werden wir derartige Links umgehend entfernen.<\/p>\n\n\n\n<h3 class=\"wp-block-heading\">Urheberrecht<\/h3>\n\n\n\n<p>Die durch die Seitenbetreiber erstellten Inhalte und Werke auf diesen Seiten unterliegen dem deutschen Urheberrecht. Die Vervielf\u00e4ltigung, Bearbeitung, Verbreitung und jede Art der Verwertung au\u00dferhalb der Grenzen des Urheberrechtes bed\u00fcrfen der schriftlichen Zustimmung des jeweiligen Autors bzw. Erstellers. Downloads und Kopien dieser Seite sind nur f\u00fcr den privaten, nicht kommerziellen Gebrauch gestattet. Soweit die Inhalte auf dieser Seite nicht vom Betreiber erstellt wurden, werden die Urheberrechte Dritter beachtet. Insbesondere werden Inhalte Dritter als solche gekennzeichnet. Sollten Sie trotzdem auf eine Urheberrechtsverletzung aufmerksam werden, bitten wir um einen entsprechenden Hinweis. Bei Bekanntwerden von Rechtsverletzungen werden wir derartige Inhalte umgehend entfernen.<\/p>\n\n\n\n<p>Quelle: <a href=\"http:\/\/www.e-recht24.de\" target=\"_blank\" rel=\"noopener\">e-recht24.de<\/a><\/p>\n\n\n\n<h2 class=\"wp-block-heading\">Haftungsausschluss Seminare<\/h2>\n\n\n\n<h3 class=\"wp-block-heading\">Zahlungsvereinbarung<\/h3>\n\n\n\n<p>Das Honorar ist vor jeder Veranstaltung zu zahlen. G\u00fcltig ist die Zahlungsfrist der Rechnung. Kosten f\u00fcr \u00dcbernachtung und Vollpension sind bei dem Kooperationspartner vor Ort zu entrichten. Die Anreise ist selbst zu buchen. Warten Sie hier bis zur verbindlichen Zusage.<\/p>\n\n\n\n<h3 class=\"wp-block-heading\">Stornierung<\/h3>\n\n\n\n<p>Mit Anmeldung zur Veranstaltung ist das Honorar f\u00e4llig. Nach Zahlung des Honorars ist eine Stornierung aus organisatorischen Gr\u00fcnden nicht mehr m\u00f6glich, au\u00dfer Sie stellen eine Ersatzperson. Bei Nichterscheinen ist ebenfalls das volle Honorar f\u00e4llig. Minimieren Sie Ihr Risiko durch eine R\u00fccktrittsversicherung, z.B. bei der Europ\u00e4ischen (ERV). Muss eine Veranstaltung aus Gr\u00fcnden, die die Veranstalterin zu vertreten hat, ausfallen, wird die Veranstaltung zu einem sp\u00e4teren Zeitpunkt nachgeholt. Weitere Anspr\u00fcche bestehen nicht.<\/p>\n\n\n\n<h3 class=\"wp-block-heading\">Haftungsausschluss<\/h3>\n\n\n\n<p>Ich weise darauf hin, dass s\u00e4mtliche von mir angebotenen Sitzungen keine \u00e4rztliche, schulmedizinische oder psychotherapeutische Behandlung ersetzen. Die Teilnahme geschieht auf eigene Verantwortung. Bei allen vorliegenden und sp\u00e4ter aufkommenden Beschwerden ist unbedingt ein Arzt oder Heilpraktiker aufzusuchen. Auch die An- und Abreise geschieht auf eigene Gefahr.<\/p>\n\n\n\n<p>Jeder Teilnehmer entscheidet, inwieweit er sich auf die angebotenen Prozesse einl\u00e4sst und ist f\u00fcr sich selbst verantwortlich. F\u00fcr Sch\u00e4den an Eigentum und Gesundheit haftet der Veranstalter nicht. Die Teilnehmer verpflichten sich, alle von uns gegebenen Hinweise zu beachten. Befinden Sie sich in Behandlung wegen k\u00f6rperlicher oder psychischer Erkrankungen, legen Sie bitte eine Bescheinigung des behandelnden Arztes \u00fcber ihre Teilnahmef\u00e4higkeit vor.<\/p>\n\n\n\n<p>Wir weisen ausdr\u00fccklich darauf hin, dass s\u00e4mtliche Veranstaltungen, wie Workshops, Seminare, Einzelcoachings und Vortr\u00e4ge unseren Lerninhalten und somit Wissensvermittlung und Selbsterfahrung in unterschiedlicher Tiefe, entsprechen.<\/p>\n\n\n\n<p>Dennoch ersetzt mein Angebot keine Therapie!<\/p>\n\n\n\n<p>Barbara Rheinbay<\/p>\n<\/div>\n","protected":false},"excerpt":{"rendered":"<p>Impressum Angaben gem\u00e4\u00df \u00a7 5 TMG Dr. Barbara RheinbayPers\u00f6nlichkeit. Entwicklung. Marke.Rosengassenweg 14a83026 Rosenheim Kontakt: Telefon: +49 (0) 179 6934044 E-Mail: br@barbara-rheinbay.de Sonstige Angaben Umsatzsteuer-ID gem\u00e4\u00df \u00a727 a Umsatzsteuergesetz: DE 234412081 Verantwortlich f\u00fcr den Inhalt nach \u00a7 18 Abs. 2 MStVDr. Barbara RheinbayRosengassenweg 14a83026 Rosenheim Quellenangaben f\u00fcr die verwendeten Bilder: Helmut Gerstlauer, www.unsplash.com Bitte keine Abmahnung [&hellip;]<\/p>\n","protected":false},"author":1,"featured_media":0,"parent":0,"menu_order":0,"comment_status":"closed","ping_status":"closed","template":"","meta":{"footnotes":""},"class_list":["post-24","page","type-page","status-publish","hentry"],"yoast_head":"<!-- This site is optimized with the Yoast SEO plugin v21.3 - https:\/\/yoast.com\/wordpress\/plugins\/seo\/ -->\n<title>Imprint - Barbara Rheinbay<\/title>\n<meta name=\"robots\" content=\"index, follow, max-snippet:-1, max-image-preview:large, max-video-preview:-1\" \/>\n<link rel=\"canonical\" href=\"https:\/\/barbara-rheinbay.de\/en\/imprint\/\" \/>\n<meta property=\"og:locale\" content=\"en_GB\" \/>\n<meta property=\"og:type\" content=\"article\" \/>\n<meta property=\"og:title\" content=\"Imprint - Barbara Rheinbay\" \/>\n<meta property=\"og:description\" content=\"Impressum Angaben gem\u00e4\u00df \u00a7 5 TMG Dr. Barbara RheinbayPers\u00f6nlichkeit. Entwicklung. Marke.Rosengassenweg 14a83026 Rosenheim Kontakt: Telefon: +49 (0) 179 6934044 E-Mail: br@barbara-rheinbay.de Sonstige Angaben Umsatzsteuer-ID gem\u00e4\u00df \u00a727 a Umsatzsteuergesetz: DE 234412081 Verantwortlich f\u00fcr den Inhalt nach \u00a7 18 Abs. 2 MStVDr. Barbara RheinbayRosengassenweg 14a83026 Rosenheim Quellenangaben f\u00fcr die verwendeten Bilder: Helmut Gerstlauer, www.unsplash.com Bitte keine Abmahnung [&hellip;]\" \/>\n<meta property=\"og:url\" content=\"https:\/\/barbara-rheinbay.de\/en\/imprint\/\" \/>\n<meta property=\"og:site_name\" content=\"Barbara Rheinbay\" \/>\n<meta property=\"article:modified_time\" content=\"2022-08-11T18:46:44+00:00\" \/>\n<meta name=\"twitter:card\" content=\"summary_large_image\" \/>\n<meta name=\"twitter:label1\" content=\"Estimated reading time\" \/>\n\t<meta name=\"twitter:data1\" content=\"4 minutes\" \/>\n<script type=\"application\/ld+json\" class=\"yoast-schema-graph\">{\"@context\":\"https:\/\/schema.org\",\"@graph\":[{\"@type\":\"WebPage\",\"@id\":\"https:\/\/barbara-rheinbay.de\/en\/imprint\/\",\"url\":\"https:\/\/barbara-rheinbay.de\/en\/imprint\/\",\"name\":\"Imprint - Barbara Rheinbay\",\"isPartOf\":{\"@id\":\"https:\/\/barbara-rheinbay.de\/en\/#website\"},\"datePublished\":\"2022-08-11T18:32:20+00:00\",\"dateModified\":\"2022-08-11T18:46:44+00:00\",\"breadcrumb\":{\"@id\":\"https:\/\/barbara-rheinbay.de\/en\/imprint\/#breadcrumb\"},\"inLanguage\":\"en-GB\",\"potentialAction\":[{\"@type\":\"ReadAction\",\"target\":[\"https:\/\/barbara-rheinbay.de\/en\/imprint\/\"]}]},{\"@type\":\"BreadcrumbList\",\"@id\":\"https:\/\/barbara-rheinbay.de\/en\/imprint\/#breadcrumb\",\"itemListElement\":[{\"@type\":\"ListItem\",\"position\":1,\"name\":\"Startseite\",\"item\":\"https:\/\/barbara-rheinbay.de\/en\/\"},{\"@type\":\"ListItem\",\"position\":2,\"name\":\"Imprint\"}]},{\"@type\":\"WebSite\",\"@id\":\"https:\/\/barbara-rheinbay.de\/en\/#website\",\"url\":\"https:\/\/barbara-rheinbay.de\/en\/\",\"name\":\"Barbara Rheinbay\",\"description\":\"intuitive. powerful. successful.\",\"publisher\":{\"@id\":\"https:\/\/barbara-rheinbay.de\/en\/#organization\"},\"potentialAction\":[{\"@type\":\"SearchAction\",\"target\":{\"@type\":\"EntryPoint\",\"urlTemplate\":\"https:\/\/barbara-rheinbay.de\/en\/?s={search_term_string}\"},\"query-input\":\"required name=search_term_string\"}],\"inLanguage\":\"en-GB\"},{\"@type\":\"Organization\",\"@id\":\"https:\/\/barbara-rheinbay.de\/en\/#organization\",\"name\":\"Barbara Rheinbay\",\"url\":\"https:\/\/barbara-rheinbay.de\/en\/\",\"logo\":{\"@type\":\"ImageObject\",\"inLanguage\":\"en-GB\",\"@id\":\"https:\/\/barbara-rheinbay.de\/en\/#\/schema\/logo\/image\/\",\"url\":\"https:\/\/barbara-rheinbay.de\/en\/wp-content\/uploads\/sites\/2\/2022\/08\/Logo-English-1.png\",\"contentUrl\":\"https:\/\/barbara-rheinbay.de\/en\/wp-content\/uploads\/sites\/2\/2022\/08\/Logo-English-1.png\",\"width\":861,\"height\":410,\"caption\":\"Barbara Rheinbay\"},\"image\":{\"@id\":\"https:\/\/barbara-rheinbay.de\/en\/#\/schema\/logo\/image\/\"}}]}<\/script>\n<!-- \/ Yoast SEO plugin. -->","yoast_head_json":{"title":"Imprint - Barbara Rheinbay","robots":{"index":"index","follow":"follow","max-snippet":"max-snippet:-1","max-image-preview":"max-image-preview:large","max-video-preview":"max-video-preview:-1"},"canonical":"https:\/\/barbara-rheinbay.de\/en\/imprint\/","og_locale":"en_GB","og_type":"article","og_title":"Imprint - Barbara Rheinbay","og_description":"Impressum Angaben gem\u00e4\u00df \u00a7 5 TMG Dr. Barbara RheinbayPers\u00f6nlichkeit. Entwicklung. Marke.Rosengassenweg 14a83026 Rosenheim Kontakt: Telefon: +49 (0) 179 6934044 E-Mail: br@barbara-rheinbay.de Sonstige Angaben Umsatzsteuer-ID gem\u00e4\u00df \u00a727 a Umsatzsteuergesetz: DE 234412081 Verantwortlich f\u00fcr den Inhalt nach \u00a7 18 Abs. 2 MStVDr. Barbara RheinbayRosengassenweg 14a83026 Rosenheim Quellenangaben f\u00fcr die verwendeten Bilder: Helmut Gerstlauer, www.unsplash.com Bitte keine Abmahnung [&hellip;]","og_url":"https:\/\/barbara-rheinbay.de\/en\/imprint\/","og_site_name":"Barbara Rheinbay","article_modified_time":"2022-08-11T18:46:44+00:00","twitter_card":"summary_large_image","twitter_misc":{"Estimated reading time":"4 minutes"},"schema":{"@context":"https:\/\/schema.org","@graph":[{"@type":"WebPage","@id":"https:\/\/barbara-rheinbay.de\/en\/imprint\/","url":"https:\/\/barbara-rheinbay.de\/en\/imprint\/","name":"Imprint - Barbara Rheinbay","isPartOf":{"@id":"https:\/\/barbara-rheinbay.de\/en\/#website"},"datePublished":"2022-08-11T18:32:20+00:00","dateModified":"2022-08-11T18:46:44+00:00","breadcrumb":{"@id":"https:\/\/barbara-rheinbay.de\/en\/imprint\/#breadcrumb"},"inLanguage":"en-GB","potentialAction":[{"@type":"ReadAction","target":["https:\/\/barbara-rheinbay.de\/en\/imprint\/"]}]},{"@type":"BreadcrumbList","@id":"https:\/\/barbara-rheinbay.de\/en\/imprint\/#breadcrumb","itemListElement":[{"@type":"ListItem","position":1,"name":"Startseite","item":"https:\/\/barbara-rheinbay.de\/en\/"},{"@type":"ListItem","position":2,"name":"Imprint"}]},{"@type":"WebSite","@id":"https:\/\/barbara-rheinbay.de\/en\/#website","url":"https:\/\/barbara-rheinbay.de\/en\/","name":"Barbara Rheinbay","description":"intuitive. powerful. successful.","publisher":{"@id":"https:\/\/barbara-rheinbay.de\/en\/#organization"},"potentialAction":[{"@type":"SearchAction","target":{"@type":"EntryPoint","urlTemplate":"https:\/\/barbara-rheinbay.de\/en\/?s={search_term_string}"},"query-input":"required name=search_term_string"}],"inLanguage":"en-GB"},{"@type":"Organization","@id":"https:\/\/barbara-rheinbay.de\/en\/#organization","name":"Barbara Rheinbay","url":"https:\/\/barbara-rheinbay.de\/en\/","logo":{"@type":"ImageObject","inLanguage":"en-GB","@id":"https:\/\/barbara-rheinbay.de\/en\/#\/schema\/logo\/image\/","url":"https:\/\/barbara-rheinbay.de\/en\/wp-content\/uploads\/sites\/2\/2022\/08\/Logo-English-1.png","contentUrl":"https:\/\/barbara-rheinbay.de\/en\/wp-content\/uploads\/sites\/2\/2022\/08\/Logo-English-1.png","width":861,"height":410,"caption":"Barbara Rheinbay"},"image":{"@id":"https:\/\/barbara-rheinbay.de\/en\/#\/schema\/logo\/image\/"}}]}},"_links":{"self":[{"href":"https:\/\/barbara-rheinbay.de\/en\/wp-json\/wp\/v2\/pages\/24","targetHints":{"allow":["GET"]}}],"collection":[{"href":"https:\/\/barbara-rheinbay.de\/en\/wp-json\/wp\/v2\/pages"}],"about":[{"href":"https:\/\/barbara-rheinbay.de\/en\/wp-json\/wp\/v2\/types\/page"}],"author":[{"embeddable":true,"href":"https:\/\/barbara-rheinbay.de\/en\/wp-json\/wp\/v2\/users\/1"}],"replies":[{"embeddable":true,"href":"https:\/\/barbara-rheinbay.de\/en\/wp-json\/wp\/v2\/comments?post=24"}],"version-history":[{"count":2,"href":"https:\/\/barbara-rheinbay.de\/en\/wp-json\/wp\/v2\/pages\/24\/revisions"}],"predecessor-version":[{"id":35,"href":"https:\/\/barbara-rheinbay.de\/en\/wp-json\/wp\/v2\/pages\/24\/revisions\/35"}],"wp:attachment":[{"href":"https:\/\/barbara-rheinbay.de\/en\/wp-json\/wp\/v2\/media?parent=24"}],"curies":[{"name":"wp","href":"https:\/\/api.w.org\/{rel}","templated":true}]}}